{"id":27,"date":"2014-02-14T13:42:18","date_gmt":"2014-02-14T12:42:18","guid":{"rendered":"http:\/\/gselectric.svr012.dgnus.net\/?page_id=27"},"modified":"2022-02-17T15:56:59","modified_gmt":"2022-02-17T14:56:59","slug":"contact","status":"publish","type":"page","link":"https:\/\/www.gselectric.be\/?page_id=27","title":{"rendered":"Contact"},"content":{"rendered":"<div class=\"contact\">\n<div class=\"coordonne\">\n<h1>Nos coordonn\u00e9es<\/h1>\n<div class=\"g_coord\">\n<p><strong>GS electric S.P.R.L.<\/strong><br \/>\nLes digues 53 B-4910 Theux, Belgique<br \/>\nT: +32 87773217<br \/>\nF: +32 87774234<br \/>\n<a href=\"mailto:info@gselectric.be\">Info@gselectric.be<\/a><\/p>\n<\/div>\n<div class=\"d_coord\">\n<h2>Heures d\u2019ouverture:<\/h2>\n<p>Du lundi au vendredi de 08h30 \u00e0 12h00 et de 13h30 \u00e0 18h00<br \/>\nLe samedi : de 09h00 \u00e0 12h00<br \/>\nFerm\u00e9 les dimanches et jours f\u00e9ri\u00e9s<\/p>\n<\/div>\n<\/div>\n\n<div class=\"wpcf7 no-js\" id=\"wpcf7-f82-o1\" lang=\"fr-FR\" dir=\"ltr\">\n<div class=\"screen-reader-response\"><p role=\"status\" aria-live=\"polite\" aria-atomic=\"true\"><\/p> <ul><\/ul><\/div>\n<form action=\"\/index.php?rest_route=%2Fwp%2Fv2%2Fpages%2F27#wpcf7-f82-o1\" method=\"post\" class=\"wpcf7-form init\" aria-label=\"Formulaire de contact\" novalidate=\"novalidate\" data-status=\"init\">\n<div style=\"display: none;\">\n<input type=\"hidden\" name=\"_wpcf7\" value=\"82\" \/>\n<input type=\"hidden\" name=\"_wpcf7_version\" value=\"5.8.7\" \/>\n<input type=\"hidden\" name=\"_wpcf7_locale\" value=\"fr_FR\" \/>\n<input type=\"hidden\" name=\"_wpcf7_unit_tag\" value=\"wpcf7-f82-o1\" \/>\n<input type=\"hidden\" name=\"_wpcf7_container_post\" value=\"0\" \/>\n<input type=\"hidden\" name=\"_wpcf7_posted_data_hash\" value=\"\" \/>\n<\/div>\n<div class=\"un\">\n\t<p><span class=\"wpcf7-form-control-wrap\" data-name=\"nom\"><input size=\"40\" class=\"wpcf7-form-control wpcf7-text wpcf7-validates-as-required nom\" aria-required=\"true\" aria-invalid=\"false\" placeholder=\"Nom\" value=\"\" type=\"text\" name=\"nom\" \/><\/span><br \/>\n<span class=\"wpcf7-form-control-wrap\" data-name=\"email\"><input size=\"40\" class=\"wpcf7-form-control wpcf7-email wpcf7-validates-as-required wpcf7-text wpcf7-validates-as-email email\" aria-required=\"true\" aria-invalid=\"false\" placeholder=\"Email\" value=\"\" type=\"email\" name=\"email\" \/><\/span><br \/>\n<input class=\"wpcf7-form-control wpcf7-submit has-spinner envoyer\" type=\"submit\" value=\"Envoyer\" \/>\n\t<\/p>\n<\/div>\n<div class=\"deux\">\n\t<p><span class=\"wpcf7-form-control-wrap\" data-name=\"textarea\"><textarea cols=\"40\" rows=\"10\" class=\"wpcf7-form-control wpcf7-textarea wpcf7-validates-as-required message\" aria-required=\"true\" aria-invalid=\"false\" placeholder=\"Votre message ...\" name=\"textarea\"><\/textarea><\/span>\n\t<\/p>\n<\/div><div class=\"wpcf7-response-output\" aria-hidden=\"true\"><\/div>\n<\/form>\n<\/div>\n\n<div class=\"haut\"><\/div>\n<\/div>\n","protected":false},"excerpt":{"rendered":"<p>Nos coordonn\u00e9es GS electric S.P.R.L. Les digues 53 B-4910 Theux, Belgique T: +32 87773217 F: +32 87774234 Info@gselectric.be Heures d\u2019ouverture: Du lundi au vendredi de 08h30 \u00e0 12h00 et de 13h30 \u00e0 18h00 Le samedi : de 09h00 \u00e0 12h00 Ferm\u00e9 les dimanches et jours f\u00e9ri\u00e9s<\/p>\n","protected":false},"author":2,"featured_media":0,"parent":0,"menu_order":0,"comment_status":"open","ping_status":"open","template":"","meta":{"footnotes":""},"_links":{"self":[{"href":"https:\/\/www.gselectric.be\/index.php?rest_route=\/wp\/v2\/pages\/27"}],"collection":[{"href":"https:\/\/www.gselectric.be\/index.php?rest_route=\/wp\/v2\/pages"}],"about":[{"href":"https:\/\/www.gselectric.be\/index.php?rest_route=\/wp\/v2\/types\/page"}],"author":[{"embeddable":true,"href":"https:\/\/www.gselectric.be\/index.php?rest_route=\/wp\/v2\/users\/2"}],"replies":[{"embeddable":true,"href":"https:\/\/www.gselectric.be\/index.php?rest_route=%2Fwp%2Fv2%2Fcomments&post=27"}],"version-history":[{"count":18,"href":"https:\/\/www.gselectric.be\/index.php?rest_route=\/wp\/v2\/pages\/27\/revisions"}],"predecessor-version":[{"id":1952,"href":"https:\/\/www.gselectric.be\/index.php?rest_route=\/wp\/v2\/pages\/27\/revisions\/1952"}],"wp:attachment":[{"href":"https:\/\/www.gselectric.be\/index.php?rest_route=%2Fwp%2Fv2%2Fmedia&parent=27"}],"curies":[{"name":"wp","href":"https:\/\/api.w.org\/{rel}","templated":true}]}}