{"id":4,"date":"2014-02-14T12:34:34","date_gmt":"2014-02-14T11:34:34","guid":{"rendered":"http:\/\/gselectric.svr012.dgnus.net\/?page_id=4"},"modified":"2022-02-15T16:02:09","modified_gmt":"2022-02-15T15:02:09","slug":"services","status":"publish","type":"page","link":"https:\/\/www.gselectric.be\/?page_id=4","title":{"rendered":"Services"},"content":{"rendered":"<div class=\"gauche\">\n<h1>Services<\/h1>\n<h3>R\u00e9novation<\/h3>\n<p>R\u00e9novation de d\u00e9marreurs, alternateurs, moteurs de hayon \u00e9l\u00e9vateur, treuils de traction, nous avons un atelier avec un \u00e9quipement de test complet ce qui nous permet d\u2019\u00e9tablir un devis de r\u00e9paration et suivant le prix nous pouvons vous proposer soit la r\u00e9paration soit une machine d\u2019\u00e9change ou une neuve.<br \/>\nNos ann\u00e9es d\u2019exp\u00e9rience et surtout notre multilinguisme nous permettent de rechercher dans plusieurs pays europ\u00e9ens la meilleure qualit\u00e9 et le meilleur prix pour des machines neuves.<\/p>\n<h3>D\u00e9pannage \u00e0 domicile<\/h3>\n<p>Une v\u00e9hicule ne d\u00e9marre pas, une panne \u00e9lectrique est survenue \u00e0 l\u2019un de vos engins \u00e0 chenille que vous ne pouvez d\u00e9placer, <strong>nous sommes \u00e9quip\u00e9s pour venir vous d\u00e9panner sur chantier ou chez vous!<\/strong><\/p>\n<h3>Accessoires<\/h3>\n<p>Que cela soit pour nos mod\u00e8les de <a href=\"https:\/\/www.aixam-belgium.be\/\" target=\"_blank\" rel=\"noopener\">AIXAM<\/a> ou n\u2019importe quel autre v\u00e9hicule, nous disposons d\u2019une large gamme d\u2019accessoires<br \/>\n(neufs ou d\u2019occasion), tels que : GPS, auto radio, antivol, Cruise control, d\u00e9tecteur de recul, cam\u00e9ra de recul, s\u00e9parateur de charge, feux flash, rampe de d\u00e9filement, montage de s\u00e9curit\u00e9, pompe de transvasement, panneau solaire, pompe \u00e0 eau\u2026<\/p>\n<\/div>\n<div class=\"droite\">\n<h2>Sp\u00e9cialis\u00e9 en \u00e9lectricit\u00e9 et \u00e9lectronique<br \/>\nautomobile, poids lourds et g\u00e9nie civile toutes marques.<\/h2>\n<h3>Montage<\/h3>\n<p>Montage de syst\u00e8me gps, antivol voiture-camion-g\u00e9nie civile et mobil home, d\u00e9tecteur de marche arri\u00e8re, sonorisation, cam\u00e9ra de recul, cam\u00e9ra de surveillance <strong>12 ou 24V<\/strong>.<br \/>\nMontage de dispositif de s\u00e9curit\u00e9, \u00e0 la carte, sur les v\u00e9hicules de chantier (nombreuses r\u00e9f\u00e9rences : s\u00e9curit\u00e9 sur la benne et la grue sur 15 camions de la S.W.D.E., s\u00e9curit\u00e9 sur les nacelles de diverses entrepreneurs, montage d\u2019un syst\u00e8me de localisation sur des machines de location ).<\/p>\n<h3>D\u00e9partement anc\u00eatres<\/h3>\n<p>Gr\u00e2ce \u00e0 nos nombreuses ann\u00e9es d\u2019exp\u00e9rience, nous pouvons au niveau de \u00e9lectricit\u00e9 auto vous sauvez de beaucoup de situations, y compris, la confection d\u2019un nouveau c\u00e2blage.<\/p>\n<h3>R\u00e9gulateur de vitesse<\/h3>\n<p>Nous pouvons \u00e9quiper votre voiture d\u2019un syst\u00e8me commun\u00e9ment appel\u00e9 <strong>Cruise control<\/strong>.<\/p>\n<\/div>\n<div class=\"photos\">\n<ul>\n<li><a href=\"https:\/\/www.gselectric.be\/wp-content\/uploads\/2014\/02\/gs-services_photo1.jpg\"><img loading=\"lazy\" decoding=\"async\" class=\"alignnone size-full wp-image-10\" src=\"https:\/\/www.gselectric.be\/wp-content\/uploads\/2014\/02\/gs-services_photo1.jpg\" alt=\"gs-services_photo1\" width=\"300\" height=\"459\" srcset=\"https:\/\/www.gselectric.be\/wp-content\/uploads\/2014\/02\/gs-services_photo1.jpg 300w, https:\/\/www.gselectric.be\/wp-content\/uploads\/2014\/02\/gs-services_photo1-196x300.jpg 196w\" sizes=\"(max-width: 300px) 100vw, 300px\" \/><\/a><\/li>\n<li><a href=\"https:\/\/www.gselectric.be\/wp-content\/uploads\/2014\/02\/gs-services_photo2.jpg\"><img loading=\"lazy\" decoding=\"async\" class=\"alignnone size-full wp-image-11\" src=\"https:\/\/www.gselectric.be\/wp-content\/uploads\/2014\/02\/gs-services_photo2.jpg\" alt=\"gs-services_photo2\" width=\"389\" height=\"459\" srcset=\"https:\/\/www.gselectric.be\/wp-content\/uploads\/2014\/02\/gs-services_photo2.jpg 389w, https:\/\/www.gselectric.be\/wp-content\/uploads\/2014\/02\/gs-services_photo2-254x300.jpg 254w\" sizes=\"(max-width: 389px) 100vw, 389px\" \/><\/a><\/li>\n<li><a href=\"https:\/\/www.gselectric.be\/wp-content\/uploads\/2014\/02\/gs-services_photo3.jpg\"><img loading=\"lazy\" decoding=\"async\" class=\"alignnone size-full wp-image-12\" src=\"https:\/\/www.gselectric.be\/wp-content\/uploads\/2014\/02\/gs-services_photo3.jpg\" alt=\"gs-services_photo3\" width=\"210\" height=\"459\" srcset=\"https:\/\/www.gselectric.be\/wp-content\/uploads\/2014\/02\/gs-services_photo3.jpg 210w, https:\/\/www.gselectric.be\/wp-content\/uploads\/2014\/02\/gs-services_photo3-137x300.jpg 137w\" sizes=\"(max-width: 210px) 100vw, 210px\" \/><\/a><\/li>\n<\/ul>\n<\/div>\n<div class=\"signal\">\n<h1>Signalisation routi\u00e8re ( Service m\u00e9connu )<\/h1>\n<p>Chez GSelectric, nous assurons la r\u00e9paration de tout type de signalisation mobile!<br \/>\nN\u2019h\u00e9sitez pas \u00e0 prendre contact pour toute demande d\u2019information.<\/p>\n<ul>\n<li><a href=\"https:\/\/www.gselectric.be\/wp-content\/uploads\/2014\/02\/gs-services_photo41.jpg\"><img loading=\"lazy\" decoding=\"async\" class=\"alignnone size-full wp-image-233\" src=\"https:\/\/www.gselectric.be\/wp-content\/uploads\/2014\/02\/gs-services_photo41.jpg\" alt=\"gs-services_photo4\" width=\"512\" height=\"459\" srcset=\"https:\/\/www.gselectric.be\/wp-content\/uploads\/2014\/02\/gs-services_photo41.jpg 512w, https:\/\/www.gselectric.be\/wp-content\/uploads\/2014\/02\/gs-services_photo41-300x268.jpg 300w\" sizes=\"(max-width: 512px) 100vw, 512px\" \/><\/a><\/li>\n<li><a href=\"https:\/\/www.gselectric.be\/wp-content\/uploads\/2014\/02\/gs-services_photo5.jpg\"><img loading=\"lazy\" decoding=\"async\" class=\"alignnone size-full wp-image-14\" src=\"https:\/\/www.gselectric.be\/wp-content\/uploads\/2014\/02\/gs-services_photo5.jpg\" alt=\"gs-services_photo5\" width=\"407\" height=\"459\" srcset=\"https:\/\/www.gselectric.be\/wp-content\/uploads\/2014\/02\/gs-services_photo5.jpg 407w, https:\/\/www.gselectric.be\/wp-content\/uploads\/2014\/02\/gs-services_photo5-266x300.jpg 266w\" sizes=\"(max-width: 407px) 100vw, 407px\" \/><\/a><\/li>\n<\/ul>\n<\/div>\n<div class=\"haut\"><a href=\"https:\/\/www.gselectric.be\/wp-content\/uploads\/2014\/02\/gs-services_haut.png\"><img loading=\"lazy\" decoding=\"async\" class=\"alignnone size-full wp-image-9\" src=\"https:\/\/www.gselectric.be\/wp-content\/uploads\/2014\/02\/gs-services_haut.png\" alt=\"gs-services_haut\" width=\"48\" height=\"48\" \/><\/a><\/div>\n","protected":false},"excerpt":{"rendered":"<p>Services R\u00e9novation R\u00e9novation de d\u00e9marreurs, alternateurs, moteurs de hayon \u00e9l\u00e9vateur, treuils de traction, nous avons un atelier avec un \u00e9quipement de test complet ce qui nous permet d\u2019\u00e9tablir un devis de r\u00e9paration et suivant le prix nous pouvons vous proposer soit la r\u00e9paration soit une machine d\u2019\u00e9change ou une neuve. Nos ann\u00e9es d\u2019exp\u00e9rience et surtout [&hellip;]<\/p>\n","protected":false},"author":2,"featured_media":0,"parent":0,"menu_order":0,"comment_status":"closed","ping_status":"closed","template":"","meta":{"footnotes":""},"_links":{"self":[{"href":"https:\/\/www.gselectric.be\/index.php?rest_route=\/wp\/v2\/pages\/4"}],"collection":[{"href":"https:\/\/www.gselectric.be\/index.php?rest_route=\/wp\/v2\/pages"}],"about":[{"href":"https:\/\/www.gselectric.be\/index.php?rest_route=\/wp\/v2\/types\/page"}],"author":[{"embeddable":true,"href":"https:\/\/www.gselectric.be\/index.php?rest_route=\/wp\/v2\/users\/2"}],"replies":[{"embeddable":true,"href":"https:\/\/www.gselectric.be\/index.php?rest_route=%2Fwp%2Fv2%2Fcomments&post=4"}],"version-history":[{"count":20,"href":"https:\/\/www.gselectric.be\/index.php?rest_route=\/wp\/v2\/pages\/4\/revisions"}],"predecessor-version":[{"id":1925,"href":"https:\/\/www.gselectric.be\/index.php?rest_route=\/wp\/v2\/pages\/4\/revisions\/1925"}],"wp:attachment":[{"href":"https:\/\/www.gselectric.be\/index.php?rest_route=%2Fwp%2Fv2%2Fmedia&parent=4"}],"curies":[{"name":"wp","href":"https:\/\/api.w.org\/{rel}","templated":true}]}}