{"id":52,"date":"2014-02-14T13:49:34","date_gmt":"2014-02-14T12:49:34","guid":{"rendered":"http:\/\/gselectric.svr012.dgnus.net\/?page_id=52"},"modified":"2022-02-15T16:54:38","modified_gmt":"2022-02-15T15:54:38","slug":"aixam","status":"publish","type":"page","link":"https:\/\/www.gselectric.be\/?page_id=52","title":{"rendered":"Aixam"},"content":{"rendered":"<div class=\"aixam\">\n<div class=\"logo_tete\"><a href=\"https:\/\/www.gselectric.be\/wp-content\/uploads\/2014\/02\/gs_aixam.png\"><img loading=\"lazy\" decoding=\"async\" class=\"alignnone size-full wp-image-103\" src=\"https:\/\/www.gselectric.be\/wp-content\/uploads\/2014\/02\/gs_aixam.png\" alt=\"gs_aixam\" width=\"113\" height=\"114\" \/><\/a><\/div>\n<p>Le premier constructeur de voitures sans permis !<br \/>\nBerlines, cabriolets, utilitaires et m\u00eame SUV, avec la naissance du Crossline\u2026 les v\u00e9hicules <a href=\"https:\/\/www.aixam-belgium.be\/\" target=\"_blank\" rel=\"noopener\">AIXAM<\/a> ont tout des grandes.<br \/>\nAujourd\u2019hui, rouler avec une <a href=\"https:\/\/www.aixam-belgium.be\/\" target=\"_blank\" rel=\"noopener\">AIXAM<\/a> c\u2019est \u00eatre un automobiliste \u00e0 part enti\u00e8re.<br \/>\nEn appliquant \u00e0 la conception et production de ses v\u00e9hicules les techniques de pointe de l\u2019industrie automobile, <a href=\"https:\/\/www.aixam-belgium.be\/\" target=\"_blank\" rel=\"noopener\">AIXAM<\/a> a en effet permis aux voitures sans permis de s\u2019imposer dans le paysage automobile.<\/p>\n<p><a href=\"https:\/\/www.gselectric.be\/wp-content\/uploads\/2022\/02\/gs_aixam_photos_22.jpg\"><img loading=\"lazy\" decoding=\"async\" class=\"alignnone  wp-image-1934\" src=\"https:\/\/www.gselectric.be\/wp-content\/uploads\/2022\/02\/gs_aixam_photos_22-300x192.jpg\" alt=\"\" width=\"941\" height=\"603\" srcset=\"https:\/\/www.gselectric.be\/wp-content\/uploads\/2022\/02\/gs_aixam_photos_22-300x192.jpg 300w, https:\/\/www.gselectric.be\/wp-content\/uploads\/2022\/02\/gs_aixam_photos_22-768x491.jpg 768w\" sizes=\"(max-width: 941px) 100vw, 941px\" \/><\/a><\/p>\n<div class=\"haut\"><a href=\"https:\/\/www.gselectric.be\/wp-content\/uploads\/2014\/02\/gs-services_haut.png\"><img loading=\"lazy\" decoding=\"async\" class=\"alignnone size-full wp-image-9\" src=\"https:\/\/www.gselectric.be\/wp-content\/uploads\/2014\/02\/gs-services_haut.png\" alt=\"gs-services_haut\" width=\"48\" height=\"48\" \/><\/a><\/div>\n<\/div>\n","protected":false},"excerpt":{"rendered":"<p>Le premier constructeur de voitures sans permis ! Berlines, cabriolets, utilitaires et m\u00eame SUV, avec la naissance du Crossline\u2026 les v\u00e9hicules AIXAM ont tout des grandes. Aujourd\u2019hui, rouler avec une AIXAM c\u2019est \u00eatre un automobiliste \u00e0 part enti\u00e8re. En appliquant \u00e0 la conception et production de ses v\u00e9hicules les techniques de pointe de l\u2019industrie automobile, [&hellip;]<\/p>\n","protected":false},"author":2,"featured_media":0,"parent":0,"menu_order":0,"comment_status":"closed","ping_status":"closed","template":"","meta":{"footnotes":""},"_links":{"self":[{"href":"https:\/\/www.gselectric.be\/index.php?rest_route=\/wp\/v2\/pages\/52"}],"collection":[{"href":"https:\/\/www.gselectric.be\/index.php?rest_route=\/wp\/v2\/pages"}],"about":[{"href":"https:\/\/www.gselectric.be\/index.php?rest_route=\/wp\/v2\/types\/page"}],"author":[{"embeddable":true,"href":"https:\/\/www.gselectric.be\/index.php?rest_route=\/wp\/v2\/users\/2"}],"replies":[{"embeddable":true,"href":"https:\/\/www.gselectric.be\/index.php?rest_route=%2Fwp%2Fv2%2Fcomments&post=52"}],"version-history":[{"count":18,"href":"https:\/\/www.gselectric.be\/index.php?rest_route=\/wp\/v2\/pages\/52\/revisions"}],"predecessor-version":[{"id":1939,"href":"https:\/\/www.gselectric.be\/index.php?rest_route=\/wp\/v2\/pages\/52\/revisions\/1939"}],"wp:attachment":[{"href":"https:\/\/www.gselectric.be\/index.php?rest_route=%2Fwp%2Fv2%2Fmedia&parent=52"}],"curies":[{"name":"wp","href":"https:\/\/api.w.org\/{rel}","templated":true}]}}