{"id":66,"date":"2014-02-14T13:56:32","date_gmt":"2014-02-14T12:56:32","guid":{"rendered":"http:\/\/gselectric.svr012.dgnus.net\/?page_id=66"},"modified":"2022-02-15T15:38:05","modified_gmt":"2022-02-15T14:38:05","slug":"presentation","status":"publish","type":"page","link":"https:\/\/www.gselectric.be\/?page_id=66","title":{"rendered":"Pr\u00e9sentation"},"content":{"rendered":"<div class=\"presentation\">\n<h1>Pr\u00e9sentation<\/h1>\n<p>C\u2019est Le 12 mai 1972 que naquit l\u2019\u00e9tablissement Charles SMETS, \u00e9lectricit\u00e9 auto. Son si\u00e8ge d\u2019exploitation \u00e9tait d\u00e9j\u00e0 \u00abAu Digues\u00bb 53 Theux. Apr\u00e8s une vingtaine d\u2019ann\u00e9es de travail acharn\u00e9, la soci\u00e9t\u00e9 passa en SPRL. Ensuite, la d\u00e9nomination sociale de l\u2019entreprise fut \u00e9galement modifi\u00e9e : d\u00e9sormais, les Ets Charles SMETS devinrent la Gs electric. SPRL Le choix de cette nouvelle appellation fut guid\u00e9 par les initiales \u00abGS\u00bb qui repr\u00e9sentent, en Allemagne, une certification de norme de qualit\u00e9 (un peu comme le \u00abCEBEC\u00bb en France).<br \/>\nCes lettres d\u00e9finissent \u00e0 la perfection nos pr\u00e9tentions.<\/p>\n<p>Le march\u00e9 du monde automobile est en constante mutation afin d\u2019assurer un avenir serein \u00e0 l\u2019entreprise, une diversification et une extension des activit\u00e9s fut d\u00e9cid\u00e9e. En plus, des activit\u00e9s traditionnelles dans le domaine de l\u2019\u00e9lectricit\u00e9 automobile, la soci\u00e9t\u00e9 s\u2019est int\u00e9ress\u00e9e \u00e0 des march\u00e9s dont l\u2019avenir \u00e9tait prometteur : celui de la voiture sans permis, du groupe \u00e9lectrog\u00e8ne (\u2026)<\/p>\n<p>En octobre 1997, pour le secteur de <strong>SPA, Verviers et cantons de l&rsquo;est<\/strong> (r\u00e9gion germanophone inclue), nous obtenons la concession des v\u00e9hicules <a href=\"https:\/\/www.aixam-belgium.be\/\" target=\"_blank\" rel=\"noopener\">AIXAM<\/a>. L\u2019essor de la <strong>GS electric<\/strong> conna\u00eet alors une courbe croissante.<\/p>\n<p>Gr\u00e2ce \u00e0 notre main d\u2019\u0153uvre qualifi\u00e9e ainsi qu\u2019\u00e0 notre acharnement \u00e0 trouver une solution \u00e0 vos probl\u00e8mes : <strong>Notre devise est de ne jamais dire \u00ab\u00a0non\u00a0\u00bb\u00a0!\u00a0<\/strong><br \/>\nA pr\u00e9sent, 40% de nos activit\u00e9s sont g\u00e9n\u00e9r\u00e9es par les voitures sans permis. Si un tel d\u00e9veloppement fut possible, c\u2019est gr\u00e2ce notamment aux \u00e9l\u00e9ments suivants :<\/p>\n<ul>\n<li>&#8211; La qualit\u00e9 intrins\u00e8que et la fiabilit\u00e9 des v\u00e9hicules <a href=\"https:\/\/www.aixam-belgium.be\/\" target=\"_blank\" rel=\"noopener\">AIXAM<\/a>.<\/li>\n<li>&#8211; Une grande motivation au travail alli\u00e9e \u00e0 une comp\u00e9tence unanimement reconnue.<\/li>\n<li>&#8211; Un service client\u00e8le attentif et de qualit\u00e9.<\/li>\n<\/ul>\n<ul>\n<li><a href=\"https:\/\/www.gselectric.be\/wp-content\/uploads\/2014\/02\/presentation1.jpg\"><img loading=\"lazy\" decoding=\"async\" class=\"alignnone size-full wp-image-122\" src=\"https:\/\/www.gselectric.be\/wp-content\/uploads\/2014\/02\/presentation1.jpg\" alt=\"presentation1\" width=\"554\" height=\"405\" srcset=\"https:\/\/www.gselectric.be\/wp-content\/uploads\/2014\/02\/presentation1.jpg 554w, https:\/\/www.gselectric.be\/wp-content\/uploads\/2014\/02\/presentation1-300x219.jpg 300w\" sizes=\"(max-width: 554px) 100vw, 554px\" \/><\/a><\/li>\n<li><a href=\"https:\/\/www.gselectric.be\/wp-content\/uploads\/2014\/02\/presentation2.jpg\"><img loading=\"lazy\" decoding=\"async\" class=\"alignnone size-full wp-image-123\" src=\"https:\/\/www.gselectric.be\/wp-content\/uploads\/2014\/02\/presentation2.jpg\" alt=\"presentation2\" width=\"377\" height=\"405\" srcset=\"https:\/\/www.gselectric.be\/wp-content\/uploads\/2014\/02\/presentation2.jpg 377w, https:\/\/www.gselectric.be\/wp-content\/uploads\/2014\/02\/presentation2-279x300.jpg 279w\" sizes=\"(max-width: 377px) 100vw, 377px\" \/><\/a><\/li>\n<\/ul>\n<div class=\"haut\"><a href=\"https:\/\/www.gselectric.be\/wp-content\/uploads\/2014\/02\/gs-services_haut.png\"><img loading=\"lazy\" decoding=\"async\" class=\"alignnone size-full wp-image-9\" src=\"https:\/\/www.gselectric.be\/wp-content\/uploads\/2014\/02\/gs-services_haut.png\" alt=\"gs-services_haut\" width=\"48\" height=\"48\" \/><\/a><\/div>\n<\/div>\n","protected":false},"excerpt":{"rendered":"<p>Pr\u00e9sentation C\u2019est Le 12 mai 1972 que naquit l\u2019\u00e9tablissement Charles SMETS, \u00e9lectricit\u00e9 auto. Son si\u00e8ge d\u2019exploitation \u00e9tait d\u00e9j\u00e0 \u00abAu Digues\u00bb 53 Theux. Apr\u00e8s une vingtaine d\u2019ann\u00e9es de travail acharn\u00e9, la soci\u00e9t\u00e9 passa en SPRL. Ensuite, la d\u00e9nomination sociale de l\u2019entreprise fut \u00e9galement modifi\u00e9e : d\u00e9sormais, les Ets Charles SMETS devinrent la Gs electric. SPRL Le [&hellip;]<\/p>\n","protected":false},"author":2,"featured_media":0,"parent":0,"menu_order":0,"comment_status":"closed","ping_status":"closed","template":"","meta":{"footnotes":""},"_links":{"self":[{"href":"https:\/\/www.gselectric.be\/index.php?rest_route=\/wp\/v2\/pages\/66"}],"collection":[{"href":"https:\/\/www.gselectric.be\/index.php?rest_route=\/wp\/v2\/pages"}],"about":[{"href":"https:\/\/www.gselectric.be\/index.php?rest_route=\/wp\/v2\/types\/page"}],"author":[{"embeddable":true,"href":"https:\/\/www.gselectric.be\/index.php?rest_route=\/wp\/v2\/users\/2"}],"replies":[{"embeddable":true,"href":"https:\/\/www.gselectric.be\/index.php?rest_route=%2Fwp%2Fv2%2Fcomments&post=66"}],"version-history":[{"count":25,"href":"https:\/\/www.gselectric.be\/index.php?rest_route=\/wp\/v2\/pages\/66\/revisions"}],"predecessor-version":[{"id":1919,"href":"https:\/\/www.gselectric.be\/index.php?rest_route=\/wp\/v2\/pages\/66\/revisions\/1919"}],"wp:attachment":[{"href":"https:\/\/www.gselectric.be\/index.php?rest_route=%2Fwp%2Fv2%2Fmedia&parent=66"}],"curies":[{"name":"wp","href":"https:\/\/api.w.org\/{rel}","templated":true}]}}