{"id":68,"date":"2014-02-14T13:56:41","date_gmt":"2014-02-14T12:56:41","guid":{"rendered":"http:\/\/gselectric.svr012.dgnus.net\/?page_id=68"},"modified":"2022-02-15T16:01:31","modified_gmt":"2022-02-15T15:01:31","slug":"lequipe","status":"publish","type":"page","link":"https:\/\/www.gselectric.be\/?page_id=68","title":{"rendered":"L&rsquo;\u00e9quipe"},"content":{"rendered":"<div class=\"equipe\">\n<h1>L&rsquo;\u00e9quipe<\/h1>\n<div class=\"charles\"><a href=\"https:\/\/www.gselectric.be\/wp-content\/uploads\/2014\/02\/gs_charles.jpg\"><img loading=\"lazy\" decoding=\"async\" class=\"alignnone size-full wp-image-149\" src=\"https:\/\/www.gselectric.be\/wp-content\/uploads\/2014\/02\/gs_charles.jpg\" alt=\"gs_charles\" width=\"233\" height=\"232\" srcset=\"https:\/\/www.gselectric.be\/wp-content\/uploads\/2014\/02\/gs_charles.jpg 233w, https:\/\/www.gselectric.be\/wp-content\/uploads\/2014\/02\/gs_charles-150x150.jpg 150w\" sizes=\"(max-width: 233px) 100vw, 233px\" \/><\/a><\/p>\n<h2>Charles Smets<\/h2>\n<p>Fondateur de la GS electric<br \/>\nService client\u00e8le et gestion administrative et stock<\/p>\n<\/div>\n<div class=\"charles\"><a href=\"https:\/\/www.gselectric.be\/wp-content\/uploads\/2014\/02\/gs_jeff.jpg\"><img loading=\"lazy\" decoding=\"async\" class=\"alignnone size-full wp-image-150\" src=\"https:\/\/www.gselectric.be\/wp-content\/uploads\/2014\/02\/gs_jeff.jpg\" alt=\"gs_jeff\" width=\"232\" height=\"232\" srcset=\"https:\/\/www.gselectric.be\/wp-content\/uploads\/2014\/02\/gs_jeff.jpg 232w, https:\/\/www.gselectric.be\/wp-content\/uploads\/2014\/02\/gs_jeff-150x150.jpg 150w\" sizes=\"(max-width: 232px) 100vw, 232px\" \/><\/a><\/p>\n<h2>Jean-Fran\u00e7ois G\u00e9rardy<\/h2>\n<p>Sp\u00e9cialiste en \u00e9lectricit\u00e9 auto, camion, g\u00e9nie civile, groupe \u00e9lectrog\u00e8ne et moteur \u00e9lectrique de groupe hydraulique.<\/p>\n<\/div>\n<div class=\"charles\"><a href=\"https:\/\/www.gselectric.be\/wp-content\/uploads\/2014\/02\/gs_raphael.jpg\"><img loading=\"lazy\" decoding=\"async\" class=\"alignnone size-full wp-image-151\" src=\"https:\/\/www.gselectric.be\/wp-content\/uploads\/2014\/02\/gs_raphael.jpg\" alt=\"gs_raphael\" width=\"233\" height=\"232\" srcset=\"https:\/\/www.gselectric.be\/wp-content\/uploads\/2014\/02\/gs_raphael.jpg 233w, https:\/\/www.gselectric.be\/wp-content\/uploads\/2014\/02\/gs_raphael-150x150.jpg 150w\" sizes=\"(max-width: 233px) 100vw, 233px\" \/><\/a><\/p>\n<h2>Raphael Gehlen<\/h2>\n<p>Technicien en maintenance et diagnostic automobile Sp\u00e9cialiste <a href=\"https:\/\/www.gselectric.be\/?page_id=52\" target=\"_blank\" rel=\"noopener\">AIXAM<\/a>\u00a0Sp\u00e9cialisation \u00e9lectricit\u00e9 et m\u00e9canique.<\/p>\n<\/div>\n<div class=\"haut\"><a href=\"https:\/\/www.gselectric.be\/wp-content\/uploads\/2014\/02\/gs-services_haut.png\"><img loading=\"lazy\" decoding=\"async\" class=\"alignnone size-full wp-image-9\" src=\"https:\/\/www.gselectric.be\/wp-content\/uploads\/2014\/02\/gs-services_haut.png\" alt=\"gs-services_haut\" width=\"48\" height=\"48\" \/><\/a><\/div>\n<\/div>\n","protected":false},"excerpt":{"rendered":"<p>L&rsquo;\u00e9quipe Charles Smets Fondateur de la GS electric Service client\u00e8le et gestion administrative et stock Jean-Fran\u00e7ois G\u00e9rardy Sp\u00e9cialiste en \u00e9lectricit\u00e9 auto, camion, g\u00e9nie civile, groupe \u00e9lectrog\u00e8ne et moteur \u00e9lectrique de groupe hydraulique. Raphael Gehlen Technicien en maintenance et diagnostic automobile Sp\u00e9cialiste AIXAM\u00a0Sp\u00e9cialisation \u00e9lectricit\u00e9 et m\u00e9canique.<\/p>\n","protected":false},"author":2,"featured_media":0,"parent":0,"menu_order":0,"comment_status":"closed","ping_status":"closed","template":"","meta":{"footnotes":""},"_links":{"self":[{"href":"https:\/\/www.gselectric.be\/index.php?rest_route=\/wp\/v2\/pages\/68"}],"collection":[{"href":"https:\/\/www.gselectric.be\/index.php?rest_route=\/wp\/v2\/pages"}],"about":[{"href":"https:\/\/www.gselectric.be\/index.php?rest_route=\/wp\/v2\/types\/page"}],"author":[{"embeddable":true,"href":"https:\/\/www.gselectric.be\/index.php?rest_route=\/wp\/v2\/users\/2"}],"replies":[{"embeddable":true,"href":"https:\/\/www.gselectric.be\/index.php?rest_route=%2Fwp%2Fv2%2Fcomments&post=68"}],"version-history":[{"count":19,"href":"https:\/\/www.gselectric.be\/index.php?rest_route=\/wp\/v2\/pages\/68\/revisions"}],"predecessor-version":[{"id":1924,"href":"https:\/\/www.gselectric.be\/index.php?rest_route=\/wp\/v2\/pages\/68\/revisions\/1924"}],"wp:attachment":[{"href":"https:\/\/www.gselectric.be\/index.php?rest_route=%2Fwp%2Fv2%2Fmedia&parent=68"}],"curies":[{"name":"wp","href":"https:\/\/api.w.org\/{rel}","templated":true}]}}