{"id":70,"date":"2014-02-14T13:56:52","date_gmt":"2014-02-14T12:56:52","guid":{"rendered":"http:\/\/gselectric.svr012.dgnus.net\/?page_id=70"},"modified":"2016-10-18T13:34:57","modified_gmt":"2016-10-18T12:34:57","slug":"les-vehicules","status":"publish","type":"page","link":"https:\/\/www.gselectric.be\/?page_id=70","title":{"rendered":"nos v\u00e9hicules"},"content":{"rendered":"<div class=\"vehicules\">\n<h1>Nos v\u00e9hicules<\/h1>\n<p><strong>Fiat Doblo:<\/strong> Pour les livraisons et petit d\u00e9pannage.<br \/>\n<strong>Renault Trafic:<\/strong> V\u00e9ritable camionnette atelier \u00e9quip\u00e9e non seulement d\u2019un outillage important mais \u00e9galement de pi\u00e8ces courantes afin d\u2019assurer le d\u00e9pannage le plus rapide et ce sans devoir courir plusieurs fois.<\/p>\n<ul>\n<li><a href=\"https:\/\/www.gselectric.be\/wp-content\/uploads\/2014\/02\/gs_vehicule1.jpg\"><img loading=\"lazy\" decoding=\"async\" class=\"alignnone size-full wp-image-129\" alt=\"gs_vehicule1\" src=\"https:\/\/www.gselectric.be\/wp-content\/uploads\/2014\/02\/gs_vehicule1.jpg\" width=\"299\" height=\"456\" srcset=\"https:\/\/www.gselectric.be\/wp-content\/uploads\/2014\/02\/gs_vehicule1.jpg 299w, https:\/\/www.gselectric.be\/wp-content\/uploads\/2014\/02\/gs_vehicule1-196x300.jpg 196w\" sizes=\"(max-width: 299px) 100vw, 299px\" \/><\/a><\/li>\n<li><a href=\"https:\/\/www.gselectric.be\/wp-content\/uploads\/2014\/02\/gs_vehicule2.jpg\"><img loading=\"lazy\" decoding=\"async\" class=\"alignnone size-full wp-image-130\" alt=\"gs_vehicule2\" src=\"https:\/\/www.gselectric.be\/wp-content\/uploads\/2014\/02\/gs_vehicule2.jpg\" width=\"616\" height=\"456\" srcset=\"https:\/\/www.gselectric.be\/wp-content\/uploads\/2014\/02\/gs_vehicule2.jpg 616w, https:\/\/www.gselectric.be\/wp-content\/uploads\/2014\/02\/gs_vehicule2-300x222.jpg 300w\" sizes=\"(max-width: 616px) 100vw, 616px\" \/><\/a><\/li>\n<\/ul>\n<div class=\"haut\"><a href=\"https:\/\/www.gselectric.be\/wp-content\/uploads\/2014\/02\/gs-services_haut.png\"><img loading=\"lazy\" decoding=\"async\" class=\"alignnone size-full wp-image-9\" alt=\"gs-services_haut\" src=\"https:\/\/www.gselectric.be\/wp-content\/uploads\/2014\/02\/gs-services_haut.png\" width=\"48\" height=\"48\" \/><\/a><\/div>\n<\/div>\n","protected":false},"excerpt":{"rendered":"<p>Nos v\u00e9hicules Fiat Doblo: Pour les livraisons et petit d\u00e9pannage. Renault Trafic: V\u00e9ritable camionnette atelier \u00e9quip\u00e9e non seulement d\u2019un outillage important mais \u00e9galement de pi\u00e8ces courantes afin d\u2019assurer le d\u00e9pannage le plus rapide et ce sans devoir courir plusieurs fois.<\/p>\n","protected":false},"author":2,"featured_media":0,"parent":0,"menu_order":0,"comment_status":"closed","ping_status":"closed","template":"","meta":{"footnotes":""},"_links":{"self":[{"href":"https:\/\/www.gselectric.be\/index.php?rest_route=\/wp\/v2\/pages\/70"}],"collection":[{"href":"https:\/\/www.gselectric.be\/index.php?rest_route=\/wp\/v2\/pages"}],"about":[{"href":"https:\/\/www.gselectric.be\/index.php?rest_route=\/wp\/v2\/types\/page"}],"author":[{"embeddable":true,"href":"https:\/\/www.gselectric.be\/index.php?rest_route=\/wp\/v2\/users\/2"}],"replies":[{"embeddable":true,"href":"https:\/\/www.gselectric.be\/index.php?rest_route=%2Fwp%2Fv2%2Fcomments&post=70"}],"version-history":[{"count":12,"href":"https:\/\/www.gselectric.be\/index.php?rest_route=\/wp\/v2\/pages\/70\/revisions"}],"predecessor-version":[{"id":1510,"href":"https:\/\/www.gselectric.be\/index.php?rest_route=\/wp\/v2\/pages\/70\/revisions\/1510"}],"wp:attachment":[{"href":"https:\/\/www.gselectric.be\/index.php?rest_route=%2Fwp%2Fv2%2Fmedia&parent=70"}],"curies":[{"name":"wp","href":"https:\/\/api.w.org\/{rel}","templated":true}]}}